{"id":20909,"date":"2020-09-28T12:21:26","date_gmt":"2020-09-28T10:21:26","guid":{"rendered":"https:\/\/www.popboard.nrw\/daspopboardnrw\/"},"modified":"2025-10-28T17:15:12","modified_gmt":"2025-10-28T16:15:12","slug":"daspopboardnrw","status":"publish","type":"page","link":"https:\/\/www.popboard.nrw\/en\/daspopboardnrw\/","title":{"rendered":"Das PopBoard NRW"},"content":{"rendered":"\t\t<div data-elementor-type=\"wp-page\" data-elementor-id=\"20909\" class=\"elementor elementor-20909 elementor-2092\">\n\t\t\t\t\t\t\t\t\t<section class=\"elementor-section elementor-top-section elementor-element elementor-element-6d8f573 elementor-section-full_width qode-custom-fullscreen-section elementor-section-height-default elementor-section-height-default parallax_section_no qode_elementor_container_no\" data-id=\"6d8f573\" data-element_type=\"section\">\n\t\t\t\t\t\t<div class=\"elementor-container elementor-column-gap-no\">\n\t\t\t\t\t<div class=\"elementor-column elementor-col-100 elementor-top-column elementor-element elementor-element-4662c4e\" data-id=\"4662c4e\" data-element_type=\"column\">\n\t\t\t<div class=\"elementor-widget-wrap elementor-element-populated\">\n\t\t\t\t\t\t\t\t<div class=\"elementor-element elementor-element-e16ee8c elementor-widget elementor-widget-spacer\" data-id=\"e16ee8c\" data-element_type=\"widget\" data-widget_type=\"spacer.default\">\n\t\t\t\t<div class=\"elementor-widget-container\">\n\t\t\t<style>\/*! elementor - v3.18.0 - 04-12-2023 *\/\n.elementor-column .elementor-spacer-inner{height:var(--spacer-size)}.e-con{--container-widget-width:100%}.e-con-inner>.elementor-widget-spacer,.e-con>.elementor-widget-spacer{width:var(--container-widget-width,var(--spacer-size));--align-self:var(--container-widget-align-self,initial);--flex-shrink:0}.e-con-inner>.elementor-widget-spacer>.elementor-widget-container,.e-con>.elementor-widget-spacer>.elementor-widget-container{height:100%;width:100%}.e-con-inner>.elementor-widget-spacer>.elementor-widget-container>.elementor-spacer,.e-con>.elementor-widget-spacer>.elementor-widget-container>.elementor-spacer{height:100%}.e-con-inner>.elementor-widget-spacer>.elementor-widget-container>.elementor-spacer>.elementor-spacer-inner,.e-con>.elementor-widget-spacer>.elementor-widget-container>.elementor-spacer>.elementor-spacer-inner{height:var(--container-widget-height,var(--spacer-size))}.e-con-inner>.elementor-widget-spacer.elementor-widget-empty,.e-con>.elementor-widget-spacer.elementor-widget-empty{position:relative;min-height:22px;min-width:22px}.e-con-inner>.elementor-widget-spacer.elementor-widget-empty .elementor-widget-empty-icon,.e-con>.elementor-widget-spacer.elementor-widget-empty .elementor-widget-empty-icon{position:absolute;top:0;bottom:0;left:0;right:0;margin:auto;padding:0;width:22px;height:22px}<\/style>\t\t<div class=\"elementor-spacer\">\n\t\t\t<div class=\"elementor-spacer-inner\"><\/div>\n\t\t<\/div>\n\t\t\t\t<\/div>\n\t\t\t\t<\/div>\n\t\t\t\t\t<\/div>\n\t\t<\/div>\n\t\t\t\t\t\t\t<\/div>\n\t\t<\/section>\n\t\t\t\t<section class=\"elementor-section elementor-top-section elementor-element elementor-element-b0c93f9 elementor-section-boxed elementor-section-height-default elementor-section-height-default parallax_section_no qode_elementor_container_no\" data-id=\"b0c93f9\" data-element_type=\"section\">\n\t\t\t\t\t\t<div class=\"elementor-container elementor-column-gap-default\">\n\t\t\t\t\t<div class=\"elementor-column elementor-col-100 elementor-top-column elementor-element elementor-element-d5d18f2\" data-id=\"d5d18f2\" data-element_type=\"column\">\n\t\t\t<div class=\"elementor-widget-wrap elementor-element-populated\">\n\t\t\t\t\t\t\t\t<div class=\"elementor-element elementor-element-e31d507 elementor-widget elementor-widget-spacer\" data-id=\"e31d507\" data-element_type=\"widget\" data-widget_type=\"spacer.default\">\n\t\t\t\t<div class=\"elementor-widget-container\">\n\t\t\t\t\t<div class=\"elementor-spacer\">\n\t\t\t<div class=\"elementor-spacer-inner\"><\/div>\n\t\t<\/div>\n\t\t\t\t<\/div>\n\t\t\t\t<\/div>\n\t\t\t\t\t<\/div>\n\t\t<\/div>\n\t\t\t\t\t\t\t<\/div>\n\t\t<\/section>\n\t\t\t\t<section class=\"elementor-section elementor-top-section elementor-element elementor-element-93eec72 elementor-section-boxed elementor-section-height-default elementor-section-height-default parallax_section_no qode_elementor_container_no\" data-id=\"93eec72\" data-element_type=\"section\">\n\t\t\t\t\t\t<div class=\"elementor-container elementor-column-gap-default\">\n\t\t\t\t\t<div class=\"elementor-column elementor-col-100 elementor-top-column elementor-element elementor-element-73f5f33\" data-id=\"73f5f33\" data-element_type=\"column\">\n\t\t\t<div class=\"elementor-widget-wrap elementor-element-populated\">\n\t\t\t\t\t\t\t\t<div class=\"elementor-element elementor-element-1fab21f elementor-widget elementor-widget-heading\" data-id=\"1fab21f\" data-element_type=\"widget\" data-widget_type=\"heading.default\">\n\t\t\t\t<div class=\"elementor-widget-container\">\n\t\t\t<style>\/*! elementor - v3.18.0 - 04-12-2023 *\/\n.elementor-heading-title{padding:0;margin:0;line-height:1}.elementor-widget-heading .elementor-heading-title[class*=elementor-size-]>a{color:inherit;font-size:inherit;line-height:inherit}.elementor-widget-heading .elementor-heading-title.elementor-size-small{font-size:15px}.elementor-widget-heading .elementor-heading-title.elementor-size-medium{font-size:19px}.elementor-widget-heading .elementor-heading-title.elementor-size-large{font-size:29px}.elementor-widget-heading .elementor-heading-title.elementor-size-xl{font-size:39px}.elementor-widget-heading .elementor-heading-title.elementor-size-xxl{font-size:59px}<\/style><h2 class=\"elementor-heading-title elementor-size-default\">\u00dcBER UNS \u2013 Das PopBoard NRW<\/h2>\t\t<\/div>\n\t\t\t\t<\/div>\n\t\t\t\t<div class=\"elementor-element elementor-element-c7e0aa6 elementor-widget elementor-widget-text-editor\" data-id=\"c7e0aa6\" data-element_type=\"widget\" data-widget_type=\"text-editor.default\">\n\t\t\t\t<div class=\"elementor-widget-container\">\n\t\t\t<style>\/*! elementor - v3.18.0 - 04-12-2023 *\/\n.elementor-widget-text-editor.elementor-drop-cap-view-stacked .elementor-drop-cap{background-color:#69727d;color:#fff}.elementor-widget-text-editor.elementor-drop-cap-view-framed .elementor-drop-cap{color:#69727d;border:3px solid;background-color:transparent}.elementor-widget-text-editor:not(.elementor-drop-cap-view-default) .elementor-drop-cap{margin-top:8px}.elementor-widget-text-editor:not(.elementor-drop-cap-view-default) .elementor-drop-cap-letter{width:1em;height:1em}.elementor-widget-text-editor .elementor-drop-cap{float:left;text-align:center;line-height:1;font-size:50px}.elementor-widget-text-editor .elementor-drop-cap-letter{display:inline-block}<\/style>\t\t\t\t<h4 style=\"font-weight: 400;\"><span style=\"color: #000000;\">MISSION &amp; VISION<\/span><strong><br \/><\/strong><\/h4><p>\u00a0<\/p><p style=\"font-weight: 400;\"><strong>I.\u00a0\u00a0\u00a0\u00a0 <\/strong><strong>Was ist das PopBoard NRW? <\/strong><\/p><p style=\"font-weight: 400;\"><span style=\"color: #000000;\">Das PopBoard NRW versteht sich als landesweite Interessenvertretung f\u00fcr Popkultur in Nordrhein-Westfalen. Es ist ein Zusammenschluss zentraler Verb\u00e4nde und Akteur*innen der Popkultur \u2013 darunter Veranstaltende, Clubbetreibende, Musikschaffende, Vertreter*innen der Soziokultur, der Musikwirtschaft, der Jugendarbeit und weiterer relevanter Bereiche.<\/span><\/p><p style=\"font-weight: 400;\"><span style=\"color: #000000;\">Die Gesellschafter*innenstruktur des PopBoard NRW gew\u00e4hrleistet Repr\u00e4sentativit\u00e4t und Legitimation gegen\u00fcber der Szene und bildet zugleich die Schnittstelle zwischen ihr und dem PopBoard NRW. Es dient als gemeinsame Plattform f\u00fcr \u00fcbergeordnete kulturpolitische Ziele und f\u00fcr eine koordinierte Interessenvertretung. Es fungiert als Schaltzentrale f\u00fcr Austausch, Wissenstransfer und Netzwerkarbeit zwischen Szene, Verwaltung, Politik und \u00d6ffentlichkeit.<\/span><\/p><p style=\"font-weight: 400;\"><span style=\"color: #000000;\">Sein Selbstverst\u00e4ndnis und seine Aufgaben sind fest verankert im Gesellschaftsvertrag, im Gesch\u00e4ftsverteilungsplan sowie im Code of Conduct.<\/span><\/p><p>\u00a0<\/p><p style=\"font-weight: 400;\"><strong>II.\u00a0\u00a0 <\/strong><strong>Was verstehen wir unter Popkultur?<\/strong><\/p><p style=\"font-weight: 400;\"><span style=\"color: #000000;\">Popkultur ist nicht auf Musik beschr\u00e4nkt, aber Musik ist oft ihr Ausgangspunkt oder verbindendes Element. Wir verstehen Popkultur als eine eigenst\u00e4ndige kulturelle Ausdrucksform \u2013 mit eigenem Wert, eigenen Strukturen und eigenen Bed\u00fcrfnissen.<\/span><\/p><p style=\"font-weight: 400;\"><span style=\"color: #000000;\">Sie ist Identifikationsmedium f\u00fcr unz\u00e4hlige Menschen, zentraler Bestandteil des kulturellen Lebens in Nordrhein-Westfalen und entfaltet dabei in unterschiedlichen Ausdrucksformen ihre eigenen k\u00fcnstlerischen, sozialen und wirtschaftlichen Potenziale. Popkultur erreicht, bewegt und verbindet Millionen Menschen in NRW \u2013 \u00fcber Generationen, Szenen und Regionen hinweg. Dar\u00fcber hinaus ist sie sozialer Resonanzraum, ein Spiegel gesellschaftlicher Entwicklungen und zugleich ein Motor f\u00fcr Diversit\u00e4t, Innovation und Wandel.<\/span><\/p><p>\u00a0<\/p><p style=\"font-weight: 400;\"><strong>III. <\/strong><strong>Wo will das PopBoard NRW hin?<\/strong><\/p><p style=\"font-weight: 400;\"><span style=\"color: #000000;\">Das PopBoard NRW soll als zentraler Ansprechpartner f\u00fcr Politik, Verwaltung, \u00d6ffentlichkeit und (Szene-)Akteur*innen in allen Fragen der Popkultur fungieren und als Interessenvertretung mit politischer Wirksamkeit wahrgenommen werden.<\/span><\/p><p style=\"font-weight: 400;\"><span style=\"color: #000000;\">Das PopBoard NRW versteht sich als Vermittlungsinstanz, die popkulturelle Strukturen sichtbar macht \u2013 sowohl in derSzene als auch gegen\u00fcber der \u00d6ffentlichkeit. Es initiiert und f\u00fchrt eigene Projekte von landesweiter Relevanz durch und entwickelt systematisch Partnerschaften mit angrenzenden Bereichen wie Kreativwirtschaft, Stadtentwicklung, Bildung, Medien und weiteren.<\/span><\/p><p>\u00a0<\/p><p style=\"font-weight: 400;\"><strong>IV. Kulturpolitische Priorit\u00e4ten des PopBoard NRW<\/strong><\/p><p>\u00a0<\/p><p style=\"font-weight: 400;\"><strong><span style=\"color: #000000;\">Anerkennung von Popkultur als Kulturgut<\/span><\/strong><\/p><p style=\"font-weight: 400;\"><span style=\"color: #000000;\">Popkultur ist eine eigenst\u00e4ndige, gleichwertige Kunstform mit kultureller, sozialer und wirtschaftlicher Relevanz. Ihre Ber\u00fccksichtigung in F\u00f6rderprogrammen und Entscheidungsprozessen muss selbstverst\u00e4ndlich sein.<\/span><\/p><p>\u00a0<\/p><p style=\"font-weight: 400;\"><strong><span style=\"color: #000000;\">Verteilungsgerechtigkeit und strukturelle Absicherung<\/span><\/strong><\/p><p style=\"font-weight: 400;\"><span style=\"color: #000000;\">F\u00f6rdermittel m\u00fcssen fair zwischen allen Kulturformen verteilt werden. Popkulturelle Infrastrukturen ben\u00f6tigen eine dauerhafte, verl\u00e4ssliche Finanzierung auf kommunaler, regionaler und Landesebene. Popkulturelle Arbeit verdient angemessene Wertsch\u00e4tzung und faire Verg\u00fctung.<\/span><\/p><p>\u00a0<\/p><p style=\"font-weight: 400;\"><strong><span style=\"color: #000000;\">Demokratisierung von Kultur<\/span><\/strong><\/p><p style=\"font-weight: 400;\"><span style=\"color: #000000;\">Kultur ist ein Menschenrecht: Alle haben das Recht, Kultur zu produzieren, zu teilen, zu rezipieren und mitzugestalten. Popkulturelle Akteur*innen, insbesondere queere, migrantische und andere marginalisierte Personen wie Menschen mit Behinderung oder FLINTA-Personen m\u00fcssen aktiv in kulturpolitische Entscheidungsprozesse und Institutionen eingebunden werden.<\/span><\/p><p>\u00a0<\/p><p style=\"font-weight: 400;\"><strong><span style=\"color: #000000;\">Diversit\u00e4t der kulturellen Ausdrucksformen<\/span><\/strong><\/p><p style=\"font-weight: 400;\"><span style=\"color: #000000;\">Kulturelle Vielfalt, soziale Teilhabe, Inklusion und Nachhaltigkeit sind zentrale Werte popkultureller Arbeit. Popkultur steht f\u00fcr offene R\u00e4ume und Zug\u00e4nge, besonders f\u00fcr junge, migrantische, subkulturelle, marginalisierte und community-basierte Ausdrucksformen.<\/span><\/p><p>\u00a0<\/p><p style=\"font-weight: 400;\"><strong><span style=\"color: #000000;\">Datenbasierte Kulturpolitik<\/span><\/strong><\/p><p style=\"font-weight: 400;\"><span style=\"color: #000000;\">Regelm\u00e4\u00dfige Studien, Erhebungen und Monitoring schaffen eine belastbare Argumentationsgrundlage f\u00fcr kulturpolitisches Handeln und tragen zum Empowerment der Szene bei.<\/span><\/p><p>\u00a0<\/p><p style=\"font-weight: 400;\"><strong><span style=\"color: #000000;\">Querschnittsaufgabe Popkultur<\/span><\/strong><\/p><p style=\"font-weight: 400;\"><span style=\"color: #000000;\">Popkultur wirkt dar\u00fcber hinaus an der Schnittstelle von Kultur, Jugend, Bildung, Stadtentwicklung, Wirtschaft und Soziales. Die F\u00f6rderpolitik muss ressort\u00fcbergreifendes Denken und Handeln erm\u00f6glichen.<\/span><\/p><p>\u00a0<\/p><p style=\"font-weight: 400;\"><strong>V.\u00a0\u00a0\u00a0\u00a0 Zielsetzung der Projektarbeit des PopBoard NRW<\/strong><\/p><p>\u00a0<\/p><p><span style=\"color: #000000;\"><strong>ZIELE<\/strong><\/span><\/p><p style=\"font-weight: 400;\"><span style=\"color: #000000;\"> \u25ba<\/span> <span style=\"color: #000000;\">Sichtbarkeit der Szene erh\u00f6hen \u2013 landesweit, medienwirksam und differenziert.<\/span><\/p><p style=\"font-weight: 400;\"><span style=\"color: #000000;\">\u25ba Professionalisierung f\u00f6rdern: Beratung, Weiterbildung und Zugang zu Ressourcen.<\/span><\/p><p style=\"font-weight: 400;\"><span style=\"color: #000000;\">\u25ba Strukturen aufbauen und st\u00e4rken, auch abseits urbaner Zentren.<\/span><\/p><p style=\"font-weight: 400;\"><span style=\"color: #000000;\">\u25ba Demokratisches Denken und Handel f\u00f6rdern: Popkultur als Raum f\u00fcr politische, gesellschaftliche und soziale Debatten weiterentwickeln.<\/span><\/p><p style=\"font-weight: 400;\"><span style=\"color: #000000;\">\u25ba Akzeptanz und Glaubw\u00fcrdigkeit des PopBoard NRW erh\u00f6hen: Wirkung gegen\u00fcber der Szene durch Inhalte.<\/span><\/p><p style=\"font-weight: 400;\"><span style=\"color: #000000;\">\u25ba Wissen generieren und verbreiten: Studien, Mapping, Storytelling.<\/span><\/p><p style=\"font-weight: 400;\"><span style=\"color: #000000;\">\u25ba Netzwerke aufbauen und pflegen: Konferenzaktivit\u00e4ten, Workshops, Roundtables.<\/span><\/p><p style=\"font-weight: 400;\"><span style=\"color: #000000;\">\u25ba Neue Narrative setzen: Pop als demokratischer, vielf\u00e4ltiger, nachhaltiger Kulturraum.<\/span><\/p><p>\u00a0<\/p><p><span style=\"color: #000000;\">ZIELGRUPPEN<\/span><\/p><p style=\"font-weight: 400;\"><span style=\"color: #000000;\">\u25ba Politik &amp; Verwaltung: Strategie, Argumentation, Austausch.<\/span><\/p><p style=\"font-weight: 400;\"><span style=\"color: #000000;\">\u25ba Szeneakteur*innen, ehrenamtlich Engagierte, Verbandsmitglieder der Gesellschafter*innen: Strukturen, Professionalit\u00e4t, Vernetzung.<\/span><\/p><p style=\"font-weight: 400;\"><span style=\"color: #000000;\">\u25ba Bands &amp; Musiker*innen: Unterst\u00fctzung, Beratung, Kredibilit\u00e4t.<\/span><\/p><p style=\"font-weight: 400;\"><span style=\"color: #000000;\">\u25ba \u00d6ffentlichkeit &amp; Publikum: Wahrnehmung, Relevanz, Aufkl\u00e4rung.<\/span><\/p>\t\t\t\t\t\t<\/div>\n\t\t\t\t<\/div>\n\t\t\t\t\t<\/div>\n\t\t<\/div>\n\t\t\t\t\t\t\t<\/div>\n\t\t<\/section>\n\t\t\t\t<section class=\"elementor-section elementor-top-section elementor-element elementor-element-d86764e elementor-section-boxed elementor-section-height-default elementor-section-height-default parallax_section_no qode_elementor_container_no\" data-id=\"d86764e\" data-element_type=\"section\">\n\t\t\t\t\t\t<div class=\"elementor-container elementor-column-gap-default\">\n\t\t\t\t\t<div class=\"elementor-column elementor-col-100 elementor-top-column elementor-element elementor-element-c78329d\" data-id=\"c78329d\" data-element_type=\"column\">\n\t\t\t<div class=\"elementor-widget-wrap elementor-element-populated\">\n\t\t\t\t\t\t\t\t<div class=\"elementor-element elementor-element-a0e06b5 elementor-widget elementor-widget-text-editor\" data-id=\"a0e06b5\" data-element_type=\"widget\" data-widget_type=\"text-editor.default\">\n\t\t\t\t<div class=\"elementor-widget-container\">\n\t\t\t\t\t\t\t<p style=\"text-align: center;\"><span style=\"color: #000000;\"><div class=\"_df_book df-lite\" id=\"df_24465\"  _slug=\"24465\" data-title=\"mission-vision-popboard-nrw\" wpoptions=\"true\" thumbtype=\"\" ><\/div><script class=\"df-shortcode-script\" type=\"application\/javascript\">window.option_df_24465 = {\"outline\":[],\"autoEnableOutline\":\"false\",\"autoEnableThumbnail\":\"false\",\"overwritePDFOutline\":\"false\",\"direction\":\"1\",\"pageSize\":\"0\",\"source\":\"https:\\\/\\\/www.popboard.nrw\\\/wp-content\\\/uploads\\\/2025\\\/10\\\/Mission-Vision.pdf\",\"wpOptions\":\"true\"}; if(window.DFLIP && window.DFLIP.parseBooks){window.DFLIP.parseBooks();}<\/script><\/span><\/p>\t\t\t\t\t\t<\/div>\n\t\t\t\t<\/div>\n\t\t\t\t\t<\/div>\n\t\t<\/div>\n\t\t\t\t\t\t\t<\/div>\n\t\t<\/section>\n\t\t\t\t<section class=\"elementor-section elementor-top-section elementor-element elementor-element-b848d54 elementor-section-boxed elementor-section-height-default elementor-section-height-default parallax_section_no qode_elementor_container_no\" data-id=\"b848d54\" data-element_type=\"section\">\n\t\t\t\t\t\t<div class=\"elementor-container elementor-column-gap-default\">\n\t\t\t\t\t<div class=\"elementor-column elementor-col-100 elementor-top-column elementor-element elementor-element-10c54ea\" data-id=\"10c54ea\" data-element_type=\"column\">\n\t\t\t<div class=\"elementor-widget-wrap elementor-element-populated\">\n\t\t\t\t\t\t\t\t<div class=\"elementor-element elementor-element-01f126e elementor-widget elementor-widget-text-editor\" data-id=\"01f126e\" data-element_type=\"widget\" data-widget_type=\"text-editor.default\">\n\t\t\t\t<div class=\"elementor-widget-container\">\n\t\t\t\t\t\t\t<p><strong>\u25ba <\/strong><a href=\"https:\/\/www.popboard.nrw\/gesellschafter\/\"><span style=\"color: #000000;\">GESELLSCHAFTER*INNEN<\/span><\/a><\/p><p><strong>\u25ba <\/strong><a href=\"https:\/\/www.popboard.nrw\/team\/\"><span style=\"color: #000000;\">TEAM GESCH\u00c4FTSSTELLE<\/span><\/a><\/p><p>\u00a0<\/p>\t\t\t\t\t\t<\/div>\n\t\t\t\t<\/div>\n\t\t\t\t\t<\/div>\n\t\t<\/div>\n\t\t\t\t\t\t\t<\/div>\n\t\t<\/section>\n\t\t\t\t<section class=\"elementor-section elementor-top-section elementor-element elementor-element-5e9fb77d elementor-section-boxed elementor-section-height-default elementor-section-height-default parallax_section_no qode_elementor_container_no\" data-id=\"5e9fb77d\" data-element_type=\"section\">\n\t\t\t\t\t\t<div class=\"elementor-container elementor-column-gap-default\">\n\t\t\t\t\t<div class=\"elementor-column elementor-col-100 elementor-top-column elementor-element elementor-element-1c91a944\" data-id=\"1c91a944\" data-element_type=\"column\">\n\t\t\t<div class=\"elementor-widget-wrap elementor-element-populated\">\n\t\t\t\t\t\t\t\t<section class=\"elementor-section elementor-inner-section elementor-element elementor-element-264df3f4 elementor-section-boxed elementor-section-height-default elementor-section-height-default parallax_section_no qode_elementor_container_no\" data-id=\"264df3f4\" data-element_type=\"section\">\n\t\t\t\t\t\t<div class=\"elementor-container elementor-column-gap-default\">\n\t\t\t\t\t<div class=\"elementor-column elementor-col-50 elementor-inner-column elementor-element elementor-element-57dd55d6\" data-id=\"57dd55d6\" data-element_type=\"column\">\n\t\t\t<div class=\"elementor-widget-wrap\">\n\t\t\t\t\t\t\t\t\t<\/div>\n\t\t<\/div>\n\t\t\t\t<div class=\"elementor-column elementor-col-50 elementor-inner-column elementor-element elementor-element-27d69511\" data-id=\"27d69511\" data-element_type=\"column\">\n\t\t\t<div class=\"elementor-widget-wrap elementor-element-populated\">\n\t\t\t\t\t\t\t\t<div class=\"elementor-element elementor-element-34ec9220 elementor-widget elementor-widget-spacer\" data-id=\"34ec9220\" data-element_type=\"widget\" data-widget_type=\"spacer.default\">\n\t\t\t\t<div class=\"elementor-widget-container\">\n\t\t\t\t\t<div class=\"elementor-spacer\">\n\t\t\t<div class=\"elementor-spacer-inner\"><\/div>\n\t\t<\/div>\n\t\t\t\t<\/div>\n\t\t\t\t<\/div>\n\t\t\t\t\t<\/div>\n\t\t<\/div>\n\t\t\t\t\t\t\t<\/div>\n\t\t<\/section>\n\t\t\t\t\t<\/div>\n\t\t<\/div>\n\t\t\t\t\t\t\t<\/div>\n\t\t<\/section>\n\t\t\t\t\t\t\t<\/div>\n\t\t","protected":false},"excerpt":{"rendered":"<p>\u00dcBER UNS \u2013 Das PopBoard NRW MISSION &amp; VISION \u00a0 I.\u00a0\u00a0\u00a0\u00a0 Was ist das PopBoard NRW? Das PopBoard NRW versteht sich als landesweite Interessenvertretung f\u00fcr Popkultur in Nordrhein-Westfalen. Es ist ein Zusammenschluss zentraler Verb\u00e4nde und Akteur*innen der Popkultur \u2013 darunter Veranstaltende, Clubbetreibende, Musikschaffende, Vertreter*innen der&#8230;<\/p>\n","protected":false},"author":1,"featured_media":0,"parent":0,"menu_order":0,"comment_status":"closed","ping_status":"closed","template":"full_width.php","meta":{"footnotes":""},"_links":{"self":[{"href":"https:\/\/www.popboard.nrw\/en\/wp-json\/wp\/v2\/pages\/20909"}],"collection":[{"href":"https:\/\/www.popboard.nrw\/en\/wp-json\/wp\/v2\/pages"}],"about":[{"href":"https:\/\/www.popboard.nrw\/en\/wp-json\/wp\/v2\/types\/page"}],"author":[{"embeddable":true,"href":"https:\/\/www.popboard.nrw\/en\/wp-json\/wp\/v2\/users\/1"}],"replies":[{"embeddable":true,"href":"https:\/\/www.popboard.nrw\/en\/wp-json\/wp\/v2\/comments?post=20909"}],"version-history":[{"count":44,"href":"https:\/\/www.popboard.nrw\/en\/wp-json\/wp\/v2\/pages\/20909\/revisions"}],"predecessor-version":[{"id":24475,"href":"https:\/\/www.popboard.nrw\/en\/wp-json\/wp\/v2\/pages\/20909\/revisions\/24475"}],"wp:attachment":[{"href":"https:\/\/www.popboard.nrw\/en\/wp-json\/wp\/v2\/media?parent=20909"}],"curies":[{"name":"wp","href":"https:\/\/api.w.org\/{rel}","templated":true}]}}